{"id":15,"date":"2014-08-26T16:47:42","date_gmt":"2014-08-26T14:47:42","guid":{"rendered":"http:\/\/www.trecolore.at\/architects\/?page_id=15"},"modified":"2024-11-27T14:43:07","modified_gmt":"2024-11-27T13:43:07","slug":"arbeitsweise","status":"publish","type":"page","link":"https:\/\/www.trecolore.at\/architects\/arbeitsweise\/","title":{"rendered":"Planung, Bau und Betrieb &#8211; virtuell vorausgedacht"},"content":{"rendered":"<p><div class=\"fusion-fullwidth fullwidth-box fusion-builder-row-1 nonhundred-percent-fullwidth non-hundred-percent-height-scrolling\" style=\"--awb-border-radius-top-left:0px;--awb-border-radius-top-right:0px;--awb-border-radius-bottom-right:0px;--awb-border-radius-bottom-left:0px;--awb-flex-wrap:wrap;\" ><div class=\"fusion-builder-row fusion-row\"><div class=\"fusion-layout-column fusion_builder_column fusion-builder-column-0 fusion_builder_column_1_2 1_2 fusion-one-half fusion-column-first\" style=\"--awb-bg-size:cover;--awb-margin-bottom:0px;width:48%; margin-right: 4%;\"><div class=\"fusion-column-wrapper fusion-flex-column-wrapper-legacy\"><div class=\"fusion-text fusion-text-1\"><div class=\"cols-wrapper cols-2\">\n<div class=\"col\">\n<p>Auf Basis unserer langj\u00e4hrigen Erfahrung in der Abwicklung von Bauprojekten aller Art haben wir schon fr\u00fch damit begonnen, unseren Bauherren mit unseren Konzepten auch die Grundlage f\u00fcr eine langfristige Wirtschaftlichkeit und Vermarktung der Projekt- und Immobilienidee zu liefern. Der traditionelle Workflow in der Architekturbranche (im Hinblick auf eine effektive Abwicklung der Bauvorhaben) hat sich dabei zunehmend als nicht optimal herausgestellt. Sp\u00e4te Entscheidungen und Festlegungen f\u00fchren zu einer permanenten Kostenineffizienz.<\/p>\n<\/div>\n<\/div>\n<\/div><div class=\"fusion-clearfix\"><\/div><\/div><\/div><div class=\"fusion-layout-column fusion_builder_column fusion-builder-column-1 fusion_builder_column_1_2 1_2 fusion-one-half fusion-column-last\" style=\"--awb-bg-size:cover;--awb-margin-bottom:0px;width:48%;\"><div class=\"fusion-column-wrapper fusion-flex-column-wrapper-legacy\"><div class=\"fusion-text fusion-text-2\"><div class=\"cols-wrapper cols-2\">\n<div class=\"col nomargin\">\n<p>Daher haben wir Anfang 2013 damit begonnen, unseren Workflow grundlegend umzustellen: Mit der zukunftsweisenden Technologie des Building Information Modeling (kurz BIM) sind wir nun in der Lage, Projektabwicklungsprozesse interdisziplin\u00e4r und&nbsp; ganzheitlich virtuell abzubilden. Im Gegensatz zur herk\u00f6mmlichen Planung flie\u00dfen dabei auch nichtgeometrische Daten (wie z. B. Kalkulationsans\u00e4tze, baupysikalische Parameter, etc.) in eine zentrale Datenbank. Ein wesentlicher Informationsvorsprung hinsichtlich Kosten, Terminen und Qualit\u00e4t.<\/p>\n<\/div>\n<\/div>\n<\/div><div class=\"fusion-clearfix\"><\/div><\/div><\/div><\/div><\/div><div class=\"fusion-fullwidth fullwidth-box fusion-builder-row-2 nonhundred-percent-fullwidth non-hundred-percent-height-scrolling\" style=\"--awb-border-radius-top-left:0px;--awb-border-radius-top-right:0px;--awb-border-radius-bottom-right:0px;--awb-border-radius-bottom-left:0px;--awb-padding-top:30px;--awb-padding-bottom:50px;--awb-margin-top:40px;--awb-margin-bottom:40px;--awb-background-color:#e5e5e5;--awb-flex-wrap:wrap;\" ><div class=\"fusion-builder-row fusion-row\"><div class=\"fusion-layout-column fusion_builder_column fusion-builder-column-2 fusion_builder_column_1_1 1_1 fusion-one-full fusion-column-first fusion-column-last\" style=\"--awb-bg-size:cover;--awb-margin-bottom:0px;\"><div class=\"fusion-column-wrapper fusion-flex-column-wrapper-legacy\"><div class=\"fusion-text fusion-text-3\"><h6 style=\"text-align: center;\">INTREGRALER PLANUNGSANSATZ<\/h6>\n<h4 style=\"text-align: center;\">Bestm\u00f6gliche Kostensicherheit f\u00fcr Ihr Projekt<\/h4>\n<p style=\"text-align: center;\">Die virtuelle Abbildung des gesamten Bauablaufes schafft die Grundlage f\u00fcr fr\u00fche Entscheidungen und Festlegungen. Die dabei eingesetzten BIM-Planungstools erm\u00f6glichen, dass die daraus resultierenden Erkenntnisse in die reale Bauumsetzung einflie\u00dfen. So optimieren wir den Planungsprozess und vermeiden kostspielige, redundante Bearbeitungen und gestalterische Umplanungen.<\/p>\n<\/div><div class=\"fusion-image-element in-legacy-container\" style=\"--awb-caption-title-font-family:var(--h2_typography-font-family);--awb-caption-title-font-weight:var(--h2_typography-font-weight);--awb-caption-title-font-style:var(--h2_typography-font-style);--awb-caption-title-size:var(--h2_typography-font-size);--awb-caption-title-transform:var(--h2_typography-text-transform);--awb-caption-title-line-height:var(--h2_typography-line-height);--awb-caption-title-letter-spacing:var(--h2_typography-letter-spacing);\"><span class=\" fusion-imageframe imageframe-none imageframe-1 hover-type-none\"><img decoding=\"async\" width=\"1280\" height=\"640\" title=\"BIM-optimierter Workflow\" src=\"data:image\/svg+xml,%3Csvg%20xmlns%3D%27http%3A%2F%2Fwww.w3.org%2F2000%2Fsvg%27%20width%3D%271280%27%20height%3D%27640%27%20viewBox%3D%270%200%201280%20640%27%3E%3Crect%20width%3D%271280%27%20height%3D%27640%27%20fill-opacity%3D%220%22%2F%3E%3C%2Fsvg%3E\" data-orig-src=\"https:\/\/www.trecolore.at\/architects\/wp-content\/uploads\/2014\/08\/bim-workflow_c_trecolore.jpg\" alt class=\"lazyload img-responsive wp-image-1263\"\/><\/span><\/div><div class=\"fusion-clearfix\"><\/div><\/div><\/div><\/div><\/div><div class=\"fusion-fullwidth fullwidth-box fusion-builder-row-3 fusion-flex-container has-pattern-background has-mask-background nonhundred-percent-fullwidth non-hundred-percent-height-scrolling\" style=\"--awb-border-radius-top-left:0px;--awb-border-radius-top-right:0px;--awb-border-radius-bottom-right:0px;--awb-border-radius-bottom-left:0px;--awb-flex-wrap:wrap;\" ><div class=\"fusion-builder-row fusion-row fusion-flex-align-items-flex-start fusion-flex-content-wrap\" style=\"max-width:998.4px;margin-left: calc(-4% \/ 2 );margin-right: calc(-4% \/ 2 );\"><div class=\"fusion-layout-column fusion_builder_column fusion-builder-column-3 fusion_builder_column_1_1 1_1 fusion-flex-column\" style=\"--awb-bg-size:cover;--awb-width-large:100%;--awb-margin-top-large:0px;--awb-spacing-right-large:1.92%;--awb-margin-bottom-large:20px;--awb-spacing-left-large:1.92%;--awb-width-medium:100%;--awb-spacing-right-medium:1.92%;--awb-spacing-left-medium:1.92%;--awb-width-small:100%;--awb-spacing-right-small:1.92%;--awb-spacing-left-small:1.92%;\"><div class=\"fusion-column-wrapper fusion-column-has-shadow fusion-flex-justify-content-flex-start fusion-content-layout-column\"><div class=\"fusion-title title fusion-title-1 fusion-sep-none fusion-title-text fusion-title-size-two\"><h2 class=\"fusion-title-heading title-heading-left fusion-responsive-typography-calculated\" style=\"margin:0;--fontSize:28;line-height:1.5;\">Profitieren Sie von unserer Consultingleistung zur Projektinitiierung<\/h2><\/div><\/div><\/div><div class=\"fusion-layout-column fusion_builder_column fusion-builder-column-4 fusion_builder_column_1_2 1_2 fusion-flex-column fusion-flex-align-self-flex-start\" style=\"--awb-bg-size:cover;--awb-width-large:50%;--awb-margin-top-large:0px;--awb-spacing-right-large:3.84%;--awb-margin-bottom-large:0px;--awb-spacing-left-large:3.84%;--awb-width-medium:100%;--awb-order-medium:0;--awb-spacing-right-medium:1.92%;--awb-spacing-left-medium:1.92%;--awb-width-small:100%;--awb-order-small:0;--awb-spacing-right-small:1.92%;--awb-spacing-left-small:1.92%;\" data-scroll-devices=\"small-visibility,medium-visibility,large-visibility\"><div class=\"fusion-column-wrapper fusion-column-has-shadow fusion-flex-justify-content-flex-start fusion-content-layout-column\"><div class=\"fusion-text fusion-text-4\"><h4>Bauprojekte sind hochkomplexe Prozesse. Bereits dem Projektstart kommt gro\u00dfe Bedeutung zu. Erwarten Sie deshalb mehr von Ihrem Architekten: Trecolore liefert bereits mit der ersten Projektstudie eine Strategie, die eine Grundlage f\u00fcr ein umsetzungsreifes Bauvorhaben sein kann.<\/h4>\n<\/div><\/div><\/div><div class=\"fusion-layout-column fusion_builder_column fusion-builder-column-5 fusion_builder_column_1_2 1_2 fusion-flex-column fusion-flex-align-self-flex-start\" style=\"--awb-bg-size:cover;--awb-width-large:50%;--awb-margin-top-large:0px;--awb-spacing-right-large:3.84%;--awb-margin-bottom-large:0px;--awb-spacing-left-large:3.84%;--awb-width-medium:100%;--awb-order-medium:0;--awb-spacing-right-medium:1.92%;--awb-spacing-left-medium:1.92%;--awb-width-small:100%;--awb-order-small:0;--awb-spacing-right-small:1.92%;--awb-spacing-left-small:1.92%;\" data-scroll-devices=\"small-visibility,medium-visibility,large-visibility\"><div class=\"fusion-column-wrapper fusion-column-has-shadow fusion-flex-justify-content-flex-start fusion-content-layout-column\"><div class=\"fusion-text fusion-text-5\"><div class=\"cols-wrapper cols-2\">\n<div class=\"col nomargin\">\n<p>Unsere Consultingleistung zur Projektinitiierung ist eine wertvolle Grundlage: Ob Gro\u00dfprojekt oder Einfamilienwohnhaus &#8211; Bauprojekte aller Art profitieren von diesem Informationsvorsprung wie der Festlegung von Projektzielen, der Evaluierung von Rahmenbedingungen und Definition einer optimalen Umsetzungsstrategie, indem Planungsentscheidungen fr\u00fchzeitig pr\u00e4zisiert werden.<\/p>\n<\/div>\n<\/div>\n<\/div><\/div><\/div><\/div><\/div><\/p>\n","protected":false},"excerpt":{"rendered":"","protected":false},"author":1,"featured_media":0,"parent":0,"menu_order":0,"comment_status":"closed","ping_status":"closed","template":"100-width.php","meta":{"ngg_post_thumbnail":0,"footnotes":""},"class_list":["post-15","page","type-page","status-publish","hentry"],"yoast_head":"<!-- This site is optimized with the Yoast SEO plugin v27.0 - https:\/\/yoast.com\/product\/yoast-seo-wordpress\/ -->\n<title>Trecolore :: Architects of integrated solutions | Planung, Bau und Betrieb - virtuell vorausgedacht<\/title>\n<meta name=\"robots\" content=\"index, follow, max-snippet:-1, max-image-preview:large, max-video-preview:-1\" \/>\n<link rel=\"canonical\" href=\"https:\/\/www.trecolore.at\/architects\/arbeitsweise\/\" \/>\n<meta property=\"og:locale\" content=\"de_DE\" \/>\n<meta property=\"og:type\" content=\"article\" \/>\n<meta property=\"og:title\" content=\"Trecolore :: Architects of integrated solutions | Planung, Bau und Betrieb - virtuell vorausgedacht\" \/>\n<meta property=\"og:url\" content=\"https:\/\/www.trecolore.at\/architects\/arbeitsweise\/\" \/>\n<meta property=\"og:site_name\" content=\"Trecolore :: Architects of integrated solutions\" \/>\n<meta property=\"article:publisher\" content=\"https:\/\/www.facebook.com\/trecolore\/\" \/>\n<meta property=\"article:modified_time\" content=\"2024-11-27T13:43:07+00:00\" \/>\n<meta name=\"twitter:card\" content=\"summary_large_image\" \/>\n<meta name=\"twitter:label1\" content=\"Gesch\u00e4tzte Lesezeit\" \/>\n\t<meta name=\"twitter:data1\" content=\"2\u00a0Minuten\" \/>\n<script type=\"application\/ld+json\" class=\"yoast-schema-graph\">{\"@context\":\"https:\/\/schema.org\",\"@graph\":[{\"@type\":\"WebPage\",\"@id\":\"https:\/\/www.trecolore.at\/architects\/arbeitsweise\/\",\"url\":\"https:\/\/www.trecolore.at\/architects\/arbeitsweise\/\",\"name\":\"Trecolore :: Architects of integrated solutions | Planung, Bau und Betrieb - virtuell vorausgedacht\",\"isPartOf\":{\"@id\":\"https:\/\/www.trecolore.at\/architects\/#website\"},\"datePublished\":\"2014-08-26T14:47:42+00:00\",\"dateModified\":\"2024-11-27T13:43:07+00:00\",\"breadcrumb\":{\"@id\":\"https:\/\/www.trecolore.at\/architects\/arbeitsweise\/#breadcrumb\"},\"inLanguage\":\"de\",\"potentialAction\":[{\"@type\":\"ReadAction\",\"target\":[\"https:\/\/www.trecolore.at\/architects\/arbeitsweise\/\"]}]},{\"@type\":\"BreadcrumbList\",\"@id\":\"https:\/\/www.trecolore.at\/architects\/arbeitsweise\/#breadcrumb\",\"itemListElement\":[{\"@type\":\"ListItem\",\"position\":1,\"name\":\"Startseite\",\"item\":\"https:\/\/www.trecolore.at\/architects\/\"},{\"@type\":\"ListItem\",\"position\":2,\"name\":\"Planung, Bau und Betrieb &#8211; virtuell vorausgedacht\"}]},{\"@type\":\"WebSite\",\"@id\":\"https:\/\/www.trecolore.at\/architects\/#website\",\"url\":\"https:\/\/www.trecolore.at\/architects\/\",\"name\":\"Trecolore :: Architects of integrated solutions\",\"description\":\"Architekturb\u00fcro f\u00fcr integrale Planung\",\"potentialAction\":[{\"@type\":\"SearchAction\",\"target\":{\"@type\":\"EntryPoint\",\"urlTemplate\":\"https:\/\/www.trecolore.at\/architects\/?s={search_term_string}\"},\"query-input\":{\"@type\":\"PropertyValueSpecification\",\"valueRequired\":true,\"valueName\":\"search_term_string\"}}],\"inLanguage\":\"de\"}]}<\/script>\n<!-- \/ Yoast SEO plugin. -->","yoast_head_json":{"title":"Trecolore :: Architects of integrated solutions | Planung, Bau und Betrieb - virtuell vorausgedacht","robots":{"index":"index","follow":"follow","max-snippet":"max-snippet:-1","max-image-preview":"max-image-preview:large","max-video-preview":"max-video-preview:-1"},"canonical":"https:\/\/www.trecolore.at\/architects\/arbeitsweise\/","og_locale":"de_DE","og_type":"article","og_title":"Trecolore :: Architects of integrated solutions | Planung, Bau und Betrieb - virtuell vorausgedacht","og_url":"https:\/\/www.trecolore.at\/architects\/arbeitsweise\/","og_site_name":"Trecolore :: Architects of integrated solutions","article_publisher":"https:\/\/www.facebook.com\/trecolore\/","article_modified_time":"2024-11-27T13:43:07+00:00","twitter_card":"summary_large_image","twitter_misc":{"Gesch\u00e4tzte Lesezeit":"2\u00a0Minuten"},"schema":{"@context":"https:\/\/schema.org","@graph":[{"@type":"WebPage","@id":"https:\/\/www.trecolore.at\/architects\/arbeitsweise\/","url":"https:\/\/www.trecolore.at\/architects\/arbeitsweise\/","name":"Trecolore :: Architects of integrated solutions | Planung, Bau und Betrieb - virtuell vorausgedacht","isPartOf":{"@id":"https:\/\/www.trecolore.at\/architects\/#website"},"datePublished":"2014-08-26T14:47:42+00:00","dateModified":"2024-11-27T13:43:07+00:00","breadcrumb":{"@id":"https:\/\/www.trecolore.at\/architects\/arbeitsweise\/#breadcrumb"},"inLanguage":"de","potentialAction":[{"@type":"ReadAction","target":["https:\/\/www.trecolore.at\/architects\/arbeitsweise\/"]}]},{"@type":"BreadcrumbList","@id":"https:\/\/www.trecolore.at\/architects\/arbeitsweise\/#breadcrumb","itemListElement":[{"@type":"ListItem","position":1,"name":"Startseite","item":"https:\/\/www.trecolore.at\/architects\/"},{"@type":"ListItem","position":2,"name":"Planung, Bau und Betrieb &#8211; virtuell vorausgedacht"}]},{"@type":"WebSite","@id":"https:\/\/www.trecolore.at\/architects\/#website","url":"https:\/\/www.trecolore.at\/architects\/","name":"Trecolore :: Architects of integrated solutions","description":"Architekturb\u00fcro f\u00fcr integrale Planung","potentialAction":[{"@type":"SearchAction","target":{"@type":"EntryPoint","urlTemplate":"https:\/\/www.trecolore.at\/architects\/?s={search_term_string}"},"query-input":{"@type":"PropertyValueSpecification","valueRequired":true,"valueName":"search_term_string"}}],"inLanguage":"de"}]}},"_links":{"self":[{"href":"https:\/\/www.trecolore.at\/architects\/wp-json\/wp\/v2\/pages\/15","targetHints":{"allow":["GET"]}}],"collection":[{"href":"https:\/\/www.trecolore.at\/architects\/wp-json\/wp\/v2\/pages"}],"about":[{"href":"https:\/\/www.trecolore.at\/architects\/wp-json\/wp\/v2\/types\/page"}],"author":[{"embeddable":true,"href":"https:\/\/www.trecolore.at\/architects\/wp-json\/wp\/v2\/users\/1"}],"replies":[{"embeddable":true,"href":"https:\/\/www.trecolore.at\/architects\/wp-json\/wp\/v2\/comments?post=15"}],"version-history":[{"count":4,"href":"https:\/\/www.trecolore.at\/architects\/wp-json\/wp\/v2\/pages\/15\/revisions"}],"predecessor-version":[{"id":4610,"href":"https:\/\/www.trecolore.at\/architects\/wp-json\/wp\/v2\/pages\/15\/revisions\/4610"}],"wp:attachment":[{"href":"https:\/\/www.trecolore.at\/architects\/wp-json\/wp\/v2\/media?parent=15"}],"curies":[{"name":"wp","href":"https:\/\/api.w.org\/{rel}","templated":true}]}}